{"id":56,"date":"2021-12-08T15:21:44","date_gmt":"2021-12-08T15:21:44","guid":{"rendered":"https:\/\/pro-tenis-club.ro\/?page_id=56"},"modified":"2023-12-03T10:52:56","modified_gmt":"2023-12-03T10:52:56","slug":"antrenor-tenis-bucuresti","status":"publish","type":"page","link":"https:\/\/pro-tenis-club.ro\/","title":{"rendered":"Pro Tenis Club"},"content":{"rendered":"\n<div class=\"wp-block-columns is-layout-flex wp-container-core-columns-is-layout-9d6595d7 wp-block-columns-is-layout-flex\">\n<div class=\"wp-block-column has-accent-1-background-color has-background is-layout-flow wp-block-column-is-layout-flow\">\n<div class=\"wp-block-group\"><div class=\"wp-block-group__inner-container is-layout-constrained wp-block-group-is-layout-constrained\">\n<div class=\"wp-block-group\"><div class=\"wp-block-group__inner-container is-layout-constrained wp-block-group-is-layout-constrained\">\n<figure class=\"wp-block-gallery has-nested-images columns-default is-cropped wp-block-gallery-1 is-layout-flex wp-block-gallery-is-layout-flex\">\n<figure class=\"wp-block-image size-full\"><img loading=\"lazy\" decoding=\"async\" width=\"768\" height=\"1024\" data-id=\"179\" src=\"https:\/\/pro-tenis-club.ro\/wp-content\/uploads\/2023\/05\/WhatsApp-Image-2023-04-21-at-21.18.50.jpeg\" alt=\"\" class=\"wp-image-179\" srcset=\"https:\/\/pro-tenis-club.ro\/wp-content\/uploads\/2023\/05\/WhatsApp-Image-2023-04-21-at-21.18.50.jpeg 768w, https:\/\/pro-tenis-club.ro\/wp-content\/uploads\/2023\/05\/WhatsApp-Image-2023-04-21-at-21.18.50-225x300.jpeg 225w\" sizes=\"auto, (max-width: 768px) 100vw, 768px\" \/><\/figure>\n<\/figure>\n<\/div><\/div>\n<\/div><\/div>\n<\/div>\n\n\n\n<div class=\"wp-block-column has-accent-1-color has-accent-2-background-color has-text-color has-background is-layout-flow wp-block-column-is-layout-flow\">\n<p class=\"has-accent-1-color has-accent-2-background-color has-text-color has-background\">Activitatea specific\u0103 de tenis include abonamente, ore cu antrenori califica\u021bi pentru adul\u021bi \u0219i copii, cursuri de ini\u021biere pentru toate v\u00e2rstele, antrenamente pentru sportivi de performan\u021b\u0103!<\/p>\n<\/div>\n<\/div>\n\n\n\n<p class=\"has-text-align-left\"><strong>George Badea<\/strong><br>Fost campion na\u021bional de tenis la categoria 12 ani B\u0103ie\u021bi -antreneaz\u0103 din anul 1998, a preg\u0103tit numero\u0219i sportivi care au f\u0103cut performanta.<br>Din 2002 a terminat Facultatea de Educa\u021bie Fizica \u0219i Sport av\u00e2nd carnet de antrenor categoria a 3 a.<br>Am peste 25 de ani de experienta \u00een tenis la toate nivelurile (\u00eencep\u0103tori, avansa\u021bi, performanta, adul\u021bi, amatori, etc)<\/p>\n\n\n\n<figure class=\"wp-block-image size-full\"><img loading=\"lazy\" decoding=\"async\" width=\"1024\" height=\"768\" src=\"https:\/\/pro-tenis-club.ro\/wp-content\/uploads\/2023\/12\/Tenis-George-.001.jpeg\" alt=\"\" class=\"wp-image-192\" srcset=\"https:\/\/pro-tenis-club.ro\/wp-content\/uploads\/2023\/12\/Tenis-George-.001.jpeg 1024w, https:\/\/pro-tenis-club.ro\/wp-content\/uploads\/2023\/12\/Tenis-George-.001-300x225.jpeg 300w, https:\/\/pro-tenis-club.ro\/wp-content\/uploads\/2023\/12\/Tenis-George-.001-768x576.jpeg 768w, https:\/\/pro-tenis-club.ro\/wp-content\/uploads\/2023\/12\/Tenis-George-.001-400x300.jpeg 400w\" sizes=\"auto, (max-width: 1024px) 100vw, 1024px\" \/><\/figure>\n\n\n\n<div class=\"wp-block-columns is-layout-flex wp-container-core-columns-is-layout-9d6595d7 wp-block-columns-is-layout-flex\">\n<div class=\"wp-block-column is-vertically-aligned-bottom has-accent-1-color has-accent-2-background-color has-text-color has-background is-layout-flow wp-block-column-is-layout-flow\">\n<div class=\"wp-block-group\"><div class=\"wp-block-group__inner-container is-layout-flow wp-block-group-is-layout-flow\">\n<p class=\"has-accent-1-color has-accent-2-background-color has-text-color has-background\">Formarea tinerilor sportivi pentru toate aspectele vie\u021bii, folosind ca instrumente tenisul \u0219i educa\u021bia sportiv\u0103 este o preocupare permanent\u0103. To\u021bi juc\u0103torii vor beneficia de o aten\u021bie deosebit\u0103 din partea noastr\u0103 pentru ca performantele lor s\u0103 fie maxime \u00een atingerea obiectivelor propuse.<\/p>\n<\/div><\/div>\n\n\n\n<figure class=\"wp-block-gallery has-nested-images columns-default is-cropped wp-block-gallery-2 is-layout-flex wp-block-gallery-is-layout-flex\">\n<figure class=\"wp-block-image size-large\"><img loading=\"lazy\" decoding=\"async\" width=\"768\" height=\"768\" data-id=\"32\" src=\"https:\/\/pro-tenis-club.ro\/wp-content\/uploads\/2021\/12\/WhatsApp-Image-2021-05-16-at-16.54.35-768x1024-1-e1638983425401.jpeg\" alt=\"\" class=\"wp-image-32\" srcset=\"https:\/\/pro-tenis-club.ro\/wp-content\/uploads\/2021\/12\/WhatsApp-Image-2021-05-16-at-16.54.35-768x1024-1-e1638983425401.jpeg 768w, https:\/\/pro-tenis-club.ro\/wp-content\/uploads\/2021\/12\/WhatsApp-Image-2021-05-16-at-16.54.35-768x1024-1-e1638983425401-300x300.jpeg 300w, https:\/\/pro-tenis-club.ro\/wp-content\/uploads\/2021\/12\/WhatsApp-Image-2021-05-16-at-16.54.35-768x1024-1-e1638983425401-150x150.jpeg 150w\" sizes=\"auto, (max-width: 768px) 100vw, 768px\" \/><\/figure>\n<\/figure>\n<\/div>\n<\/div>\n\n\n\n<div class=\"wp-block-columns is-layout-flex wp-container-core-columns-is-layout-9d6595d7 wp-block-columns-is-layout-flex\">\n<div class=\"wp-block-column has-accent-2-background-color has-background is-layout-flow wp-block-column-is-layout-flow\">\n<p class=\"has-accent-1-color has-accent-2-background-color has-text-color has-background\">Copiii cu v\u00e2rste cuprinse \u00eentre 5-10 ani pot beneficia de programe de ini\u021biere \u0219i mini-tenis, cei mai mari de 10 ani pot beneficia de programe pentru avansa\u021bi \u0219i performan\u021b\u0103.<\/p>\n<\/div>\n<\/div>\n\n\n\n<div class=\"wp-block-columns is-layout-flex wp-container-core-columns-is-layout-9d6595d7 wp-block-columns-is-layout-flex\">\n<div class=\"wp-block-column is-layout-flow wp-block-column-is-layout-flow\">\n<figure class=\"wp-block-gallery has-nested-images columns-default is-cropped wp-block-gallery-3 is-layout-flex wp-block-gallery-is-layout-flex\">\n<figure class=\"wp-block-image size-large\"><img loading=\"lazy\" decoding=\"async\" width=\"1024\" height=\"768\" data-id=\"180\" src=\"https:\/\/pro-tenis-club.ro\/wp-content\/uploads\/2023\/05\/WhatsApp-Image-2023-04-25-at-14.07.42-1024x768.jpeg\" alt=\"\" class=\"wp-image-180\" srcset=\"https:\/\/pro-tenis-club.ro\/wp-content\/uploads\/2023\/05\/WhatsApp-Image-2023-04-25-at-14.07.42-1024x768.jpeg 1024w, https:\/\/pro-tenis-club.ro\/wp-content\/uploads\/2023\/05\/WhatsApp-Image-2023-04-25-at-14.07.42-300x225.jpeg 300w, https:\/\/pro-tenis-club.ro\/wp-content\/uploads\/2023\/05\/WhatsApp-Image-2023-04-25-at-14.07.42-768x576.jpeg 768w, https:\/\/pro-tenis-club.ro\/wp-content\/uploads\/2023\/05\/WhatsApp-Image-2023-04-25-at-14.07.42-1536x1152.jpeg 1536w, https:\/\/pro-tenis-club.ro\/wp-content\/uploads\/2023\/05\/WhatsApp-Image-2023-04-25-at-14.07.42-400x300.jpeg 400w, https:\/\/pro-tenis-club.ro\/wp-content\/uploads\/2023\/05\/WhatsApp-Image-2023-04-25-at-14.07.42.jpeg 1984w\" sizes=\"auto, (max-width: 1024px) 100vw, 1024px\" \/><\/figure>\n<\/figure>\n<\/div>\n<\/div>\n\n\n\n<div class=\"wp-block-columns is-layout-flex wp-container-core-columns-is-layout-9d6595d7 wp-block-columns-is-layout-flex\">\n<div class=\"wp-block-column is-layout-flow wp-block-column-is-layout-flow\">\n<figure class=\"wp-block-image size-full\"><img loading=\"lazy\" decoding=\"async\" width=\"768\" height=\"1024\" src=\"https:\/\/pro-tenis-club.ro\/wp-content\/uploads\/2022\/02\/WhatsApp-Image-2022-02-03-at-09.58.25-2-1.jpeg\" alt=\"Club de tenis pentru adul\u021bi \u0219i copii\" class=\"wp-image-104\" srcset=\"https:\/\/pro-tenis-club.ro\/wp-content\/uploads\/2022\/02\/WhatsApp-Image-2022-02-03-at-09.58.25-2-1.jpeg 768w, https:\/\/pro-tenis-club.ro\/wp-content\/uploads\/2022\/02\/WhatsApp-Image-2022-02-03-at-09.58.25-2-1-225x300.jpeg 225w\" sizes=\"auto, (max-width: 768px) 100vw, 768px\" \/><\/figure>\n\n\n\n<figure class=\"wp-block-image size-large\"><img loading=\"lazy\" decoding=\"async\" width=\"768\" height=\"1024\" src=\"https:\/\/pro-tenis-club.ro\/wp-content\/uploads\/2023\/02\/WhatsApp-Image-2023-02-10-at-21.44.29-768x1024.jpeg\" alt=\"\" class=\"wp-image-124\" srcset=\"https:\/\/pro-tenis-club.ro\/wp-content\/uploads\/2023\/02\/WhatsApp-Image-2023-02-10-at-21.44.29-768x1024.jpeg 768w, https:\/\/pro-tenis-club.ro\/wp-content\/uploads\/2023\/02\/WhatsApp-Image-2023-02-10-at-21.44.29-225x300.jpeg 225w, https:\/\/pro-tenis-club.ro\/wp-content\/uploads\/2023\/02\/WhatsApp-Image-2023-02-10-at-21.44.29-1152x1536.jpeg 1152w, https:\/\/pro-tenis-club.ro\/wp-content\/uploads\/2023\/02\/WhatsApp-Image-2023-02-10-at-21.44.29.jpeg 1512w\" sizes=\"auto, (max-width: 768px) 100vw, 768px\" \/><\/figure>\n<\/div>\n\n\n\n<div class=\"wp-block-column is-layout-flow wp-block-column-is-layout-flow\">\n<figure class=\"wp-block-image size-full\"><img loading=\"lazy\" decoding=\"async\" width=\"1024\" height=\"768\" src=\"https:\/\/pro-tenis-club.ro\/wp-content\/uploads\/2022\/02\/WhatsApp-Image-2022-02-03-at-09.58.25-1-1.jpeg\" alt=\"Club de tenis pentru adul\u021bi \u0219i copii\" class=\"wp-image-105\" srcset=\"https:\/\/pro-tenis-club.ro\/wp-content\/uploads\/2022\/02\/WhatsApp-Image-2022-02-03-at-09.58.25-1-1.jpeg 1024w, https:\/\/pro-tenis-club.ro\/wp-content\/uploads\/2022\/02\/WhatsApp-Image-2022-02-03-at-09.58.25-1-1-300x225.jpeg 300w, https:\/\/pro-tenis-club.ro\/wp-content\/uploads\/2022\/02\/WhatsApp-Image-2022-02-03-at-09.58.25-1-1-768x576.jpeg 768w, https:\/\/pro-tenis-club.ro\/wp-content\/uploads\/2022\/02\/WhatsApp-Image-2022-02-03-at-09.58.25-1-1-400x300.jpeg 400w\" sizes=\"auto, (max-width: 1024px) 100vw, 1024px\" \/><\/figure>\n\n\n\n<figure class=\"wp-block-gallery has-nested-images columns-default is-cropped wp-block-gallery-4 is-layout-flex wp-block-gallery-is-layout-flex\"><\/figure>\n<\/div>\n\n\n\n<div class=\"wp-block-column is-layout-flow wp-block-column-is-layout-flow\">\n<figure class=\"wp-block-image size-full\"><img loading=\"lazy\" decoding=\"async\" width=\"1024\" height=\"720\" src=\"https:\/\/pro-tenis-club.ro\/wp-content\/uploads\/2023\/04\/WhatsApp-Image-2023-04-04-at-18.07.24.jpeg\" alt=\"\" class=\"wp-image-152\" srcset=\"https:\/\/pro-tenis-club.ro\/wp-content\/uploads\/2023\/04\/WhatsApp-Image-2023-04-04-at-18.07.24.jpeg 1024w, https:\/\/pro-tenis-club.ro\/wp-content\/uploads\/2023\/04\/WhatsApp-Image-2023-04-04-at-18.07.24-300x211.jpeg 300w, https:\/\/pro-tenis-club.ro\/wp-content\/uploads\/2023\/04\/WhatsApp-Image-2023-04-04-at-18.07.24-768x540.jpeg 768w, https:\/\/pro-tenis-club.ro\/wp-content\/uploads\/2023\/04\/WhatsApp-Image-2023-04-04-at-18.07.24-427x300.jpeg 427w\" sizes=\"auto, (max-width: 1024px) 100vw, 1024px\" \/><\/figure>\n\n\n\n<figure class=\"wp-block-image size-large\"><img loading=\"lazy\" decoding=\"async\" width=\"768\" height=\"1024\" src=\"https:\/\/pro-tenis-club.ro\/wp-content\/uploads\/2023\/09\/WhatsApp-Image-2023-08-28-at-20.37.22-768x1024.jpeg\" alt=\"\" class=\"wp-image-183\" srcset=\"https:\/\/pro-tenis-club.ro\/wp-content\/uploads\/2023\/09\/WhatsApp-Image-2023-08-28-at-20.37.22-768x1024.jpeg 768w, https:\/\/pro-tenis-club.ro\/wp-content\/uploads\/2023\/09\/WhatsApp-Image-2023-08-28-at-20.37.22-225x300.jpeg 225w, https:\/\/pro-tenis-club.ro\/wp-content\/uploads\/2023\/09\/WhatsApp-Image-2023-08-28-at-20.37.22-1152x1536.jpeg 1152w, https:\/\/pro-tenis-club.ro\/wp-content\/uploads\/2023\/09\/WhatsApp-Image-2023-08-28-at-20.37.22.jpeg 1200w\" sizes=\"auto, (max-width: 768px) 100vw, 768px\" \/><\/figure>\n<\/div>\n<\/div>\n\n\n\n<div class=\"wp-block-columns is-layout-flex wp-container-core-columns-is-layout-9d6595d7 wp-block-columns-is-layout-flex\">\n<div class=\"wp-block-column is-layout-flow wp-block-column-is-layout-flow\">\n<p class=\"has-text-align-center\">Pro Tenis Club \u00ee\u0219i desf\u0103\u0219oar\u0103 activitatea pe baza sportiv\u0103 din<\/p>\n\n\n\n<p><\/p>\n\n\n\n<p><\/p>\n\n\n\n<p class=\"has-text-align-center\"><\/p>\n\n\n\n<p class=\"has-text-align-center\">Complexul Cultural Sportiv Studen\u021besc Tei, Bucure\u0219ti 021184<\/p>\n\n\n\n<p class=\"has-text-align-center\">Str. Caroteni 39 , Sector 2, Bucuresti&nbsp;<\/p>\n\n\n\n<p class=\"has-text-align-center\">Tel.:&nbsp;<a href=\"tel:\">0722472322<\/a><\/p>\n\n\n\n<p class=\"has-text-align-center\">Email:&nbsp;<a href=\"mailto:protenispro@gmail.com\">protenispro@gmail.com<\/a><\/p>\n<\/div>\n<\/div>\n\n\n\n<div class=\"wp-block-columns are-vertically-aligned-center is-layout-flex wp-container-core-columns-is-layout-9d6595d7 wp-block-columns-is-layout-flex\">\n<div class=\"wp-block-column is-vertically-aligned-center is-layout-flow wp-block-column-is-layout-flow\">\n<iframe src=\"https:\/\/www.google.com\/maps\/embed?pb=!1m18!1m12!1m3!1d2084.2929992269087!2d26.11475257786041!3d44.46951106234519!2m3!1f0!2f0!3f0!3m2!1i1024!2i768!4f13.1!3m3!1m2!1s0x40b1f9915aafdd95%3A0xcdfd9be68a85fa8d!2sPro%20Tenis%20Club!5e0!3m2!1sen!2sro!4v1680619815170!5m2!1sen!2sro\" width=\"600\" height=\"450\" style=\"border:0;\" allowfullscreen=\"\" loading=\"lazy\" referrerpolicy=\"no-referrer-when-downgrade\"><\/iframe>\n\n\n\n<div class=\"wp-block-columns is-layout-flex wp-container-core-columns-is-layout-9d6595d7 wp-block-columns-is-layout-flex\">\n<div class=\"wp-block-column is-layout-flow wp-block-column-is-layout-flow\">\n<div style=\"height:100px\" aria-hidden=\"true\" class=\"wp-block-spacer\"><\/div>\n<\/div>\n<\/div>\n\n\n\n<div class=\"wp-block-columns is-layout-flex wp-container-core-columns-is-layout-9d6595d7 wp-block-columns-is-layout-flex\">\n<div class=\"wp-block-column has-accent-2-background-color has-background is-layout-flow wp-block-column-is-layout-flow\">\n<p><\/p>\n\n\n<div class=\"wp-block-image\">\n<figure class=\"aligncenter size-full is-resized\"><img loading=\"lazy\" decoding=\"async\" width=\"300\" height=\"225\" src=\"https:\/\/pro-tenis-club.ro\/wp-content\/uploads\/2021\/12\/favicon.png\" alt=\"\" class=\"wp-image-36\" style=\"width:505px;height:379px\"\/><\/figure>\n<\/div><\/div>\n<\/div>\n<\/div>\n<\/div>\n\n\n\n<h2 class=\"wp-block-heading\"><\/h2>\n\n\n\n<ul class=\"wp-block-list\">\n<li><\/li>\n<\/ul>\n","protected":false},"excerpt":{"rendered":"<p>Activitatea specific\u0103 de tenis include abonamente, ore cu antrenori califica\u021bi pentru adul\u021bi \u0219i copii, cursuri de ini\u021biere pentru toate v\u00e2rstele, antrenamente pentru sportivi de performan\u021b\u0103! &hellip;<\/p>\n","protected":false},"author":1,"featured_media":29,"parent":0,"menu_order":0,"comment_status":"closed","ping_status":"closed","template":"","meta":{"footnotes":""},"class_list":["post-56","page","type-page","status-publish","has-post-thumbnail","hentry"],"yoast_head":"<!-- This site is optimized with the Yoast SEO plugin v27.5 - https:\/\/yoast.com\/product\/yoast-seo-wordpress\/ -->\n<title>Pro Tenis Club - Pro Tenis Club - Antrenor tenis Bucuresti<\/title>\n<meta name=\"description\" content=\"Antrenor tenis Bucuresti . Pro Tenis Club - Antrenor tenis Bucuresti Club Tenis Bucuresti ofera Cursuri de tenis pentru copii si adulti Bucuresti, Antrenor Tenis de camp in Bucuresti, Lectii de Tenis\" \/>\n<meta name=\"robots\" content=\"index, follow, max-snippet:-1, max-image-preview:large, max-video-preview:-1\" \/>\n<link rel=\"canonical\" href=\"https:\/\/pro-tenis-club.ro\/\" \/>\n<meta property=\"og:locale\" content=\"ro_RO\" \/>\n<meta property=\"og:type\" content=\"article\" \/>\n<meta property=\"og:title\" content=\"Pro Tenis Club - Pro Tenis Club - Antrenor tenis Bucuresti\" \/>\n<meta property=\"og:description\" content=\"Antrenor tenis Bucuresti . Pro Tenis Club - Antrenor tenis Bucuresti Club Tenis Bucuresti ofera Cursuri de tenis pentru copii si adulti Bucuresti, Antrenor Tenis de camp in Bucuresti, Lectii de Tenis\" \/>\n<meta property=\"og:url\" content=\"https:\/\/pro-tenis-club.ro\/\" \/>\n<meta property=\"og:site_name\" content=\"Pro Tenis Club - Antrenor tenis Bucuresti\" \/>\n<meta property=\"article:publisher\" content=\"https:\/\/www.facebook.com\/profile.php?id=100057053275830\" \/>\n<meta property=\"article:modified_time\" content=\"2023-12-03T10:52:56+00:00\" \/>\n<meta property=\"og:image\" content=\"https:\/\/pro-tenis-club.ro\/wp-content\/uploads\/2023\/02\/WhatsApp-Image-2023-02-10-at-21.44.29.jpeg\" \/>\n\t<meta property=\"og:image:width\" content=\"1512\" \/>\n\t<meta property=\"og:image:height\" content=\"2016\" \/>\n\t<meta property=\"og:image:type\" content=\"image\/jpeg\" \/>\n<meta name=\"twitter:card\" content=\"summary_large_image\" \/>\n<meta name=\"twitter:label1\" content=\"Timp estimat pentru citire\" \/>\n\t<meta name=\"twitter:data1\" content=\"3 minute\" \/>\n<script type=\"application\/ld+json\" class=\"yoast-schema-graph\">{\"@context\":\"https:\\\/\\\/schema.org\",\"@graph\":[{\"@type\":\"WebPage\",\"@id\":\"https:\\\/\\\/pro-tenis-club.ro\\\/\",\"url\":\"https:\\\/\\\/pro-tenis-club.ro\\\/\",\"name\":\"Pro Tenis Club - Pro Tenis Club - Antrenor tenis Bucuresti\",\"isPartOf\":{\"@id\":\"https:\\\/\\\/pro-tenis-club.ro\\\/#website\"},\"primaryImageOfPage\":{\"@id\":\"https:\\\/\\\/pro-tenis-club.ro\\\/#primaryimage\"},\"image\":{\"@id\":\"https:\\\/\\\/pro-tenis-club.ro\\\/#primaryimage\"},\"thumbnailUrl\":\"https:\\\/\\\/pro-tenis-club.ro\\\/wp-content\\\/uploads\\\/2021\\\/12\\\/WhatsApp-Image-2021-05-16-at-16.54.15-1024x768-1.jpeg\",\"datePublished\":\"2021-12-08T15:21:44+00:00\",\"dateModified\":\"2023-12-03T10:52:56+00:00\",\"description\":\"Antrenor tenis Bucuresti . Pro Tenis Club - Antrenor tenis Bucuresti Club Tenis Bucuresti ofera Cursuri de tenis pentru copii si adulti Bucuresti, Antrenor Tenis de camp in Bucuresti, Lectii de Tenis\",\"breadcrumb\":{\"@id\":\"https:\\\/\\\/pro-tenis-club.ro\\\/#breadcrumb\"},\"inLanguage\":\"ro-RO\",\"potentialAction\":[{\"@type\":\"ReadAction\",\"target\":[\"https:\\\/\\\/pro-tenis-club.ro\\\/\"]}]},{\"@type\":\"ImageObject\",\"inLanguage\":\"ro-RO\",\"@id\":\"https:\\\/\\\/pro-tenis-club.ro\\\/#primaryimage\",\"url\":\"https:\\\/\\\/pro-tenis-club.ro\\\/wp-content\\\/uploads\\\/2021\\\/12\\\/WhatsApp-Image-2021-05-16-at-16.54.15-1024x768-1.jpeg\",\"contentUrl\":\"https:\\\/\\\/pro-tenis-club.ro\\\/wp-content\\\/uploads\\\/2021\\\/12\\\/WhatsApp-Image-2021-05-16-at-16.54.15-1024x768-1.jpeg\",\"width\":1024,\"height\":768,\"caption\":\"Antrenor tenis Bucuresti.\"},{\"@type\":\"BreadcrumbList\",\"@id\":\"https:\\\/\\\/pro-tenis-club.ro\\\/#breadcrumb\",\"itemListElement\":[{\"@type\":\"ListItem\",\"position\":1,\"name\":\"Prima pagin\u0103\",\"item\":\"https:\\\/\\\/pro-tenis-club.ro\\\/\"},{\"@type\":\"ListItem\",\"position\":2,\"name\":\"Pro Tenis Club\"}]},{\"@type\":\"WebSite\",\"@id\":\"https:\\\/\\\/pro-tenis-club.ro\\\/#website\",\"url\":\"https:\\\/\\\/pro-tenis-club.ro\\\/\",\"name\":\"Pro Tenis Club - Antrenor tenis Bucuresti\",\"description\":\"Cursuri tenis. Antrenor tenis bucuresti.\",\"publisher\":{\"@id\":\"https:\\\/\\\/pro-tenis-club.ro\\\/#organization\"},\"alternateName\":\"Antrenor tenis bucuresti\",\"potentialAction\":[{\"@type\":\"SearchAction\",\"target\":{\"@type\":\"EntryPoint\",\"urlTemplate\":\"https:\\\/\\\/pro-tenis-club.ro\\\/?s={search_term_string}\"},\"query-input\":{\"@type\":\"PropertyValueSpecification\",\"valueRequired\":true,\"valueName\":\"search_term_string\"}}],\"inLanguage\":\"ro-RO\"},{\"@type\":\"Organization\",\"@id\":\"https:\\\/\\\/pro-tenis-club.ro\\\/#organization\",\"name\":\"Antrenor tenis Bucuresti\",\"alternateName\":\"Antrenor tenis Bucuresti\",\"url\":\"https:\\\/\\\/pro-tenis-club.ro\\\/\",\"logo\":{\"@type\":\"ImageObject\",\"inLanguage\":\"ro-RO\",\"@id\":\"https:\\\/\\\/pro-tenis-club.ro\\\/#\\\/schema\\\/logo\\\/image\\\/\",\"url\":\"https:\\\/\\\/pro-tenis-club.ro\\\/wp-content\\\/uploads\\\/2021\\\/12\\\/WhatsApp-Image-2021-05-16-at-16.54.15-1024x768-1.jpeg\",\"contentUrl\":\"https:\\\/\\\/pro-tenis-club.ro\\\/wp-content\\\/uploads\\\/2021\\\/12\\\/WhatsApp-Image-2021-05-16-at-16.54.15-1024x768-1.jpeg\",\"width\":1024,\"height\":768,\"caption\":\"Antrenor tenis Bucuresti\"},\"image\":{\"@id\":\"https:\\\/\\\/pro-tenis-club.ro\\\/#\\\/schema\\\/logo\\\/image\\\/\"},\"sameAs\":[\"https:\\\/\\\/www.facebook.com\\\/profile.php?id=100057053275830\"]}]}<\/script>\n<!-- \/ Yoast SEO plugin. -->","yoast_head_json":{"title":"Pro Tenis Club - Pro Tenis Club - Antrenor tenis Bucuresti","description":"Antrenor tenis Bucuresti . Pro Tenis Club - Antrenor tenis Bucuresti Club Tenis Bucuresti ofera Cursuri de tenis pentru copii si adulti Bucuresti, Antrenor Tenis de camp in Bucuresti, Lectii de Tenis","robots":{"index":"index","follow":"follow","max-snippet":"max-snippet:-1","max-image-preview":"max-image-preview:large","max-video-preview":"max-video-preview:-1"},"canonical":"https:\/\/pro-tenis-club.ro\/","og_locale":"ro_RO","og_type":"article","og_title":"Pro Tenis Club - Pro Tenis Club - Antrenor tenis Bucuresti","og_description":"Antrenor tenis Bucuresti . Pro Tenis Club - Antrenor tenis Bucuresti Club Tenis Bucuresti ofera Cursuri de tenis pentru copii si adulti Bucuresti, Antrenor Tenis de camp in Bucuresti, Lectii de Tenis","og_url":"https:\/\/pro-tenis-club.ro\/","og_site_name":"Pro Tenis Club - Antrenor tenis Bucuresti","article_publisher":"https:\/\/www.facebook.com\/profile.php?id=100057053275830","article_modified_time":"2023-12-03T10:52:56+00:00","og_image":[{"width":1512,"height":2016,"url":"https:\/\/pro-tenis-club.ro\/wp-content\/uploads\/2023\/02\/WhatsApp-Image-2023-02-10-at-21.44.29.jpeg","type":"image\/jpeg"}],"twitter_card":"summary_large_image","twitter_misc":{"Timp estimat pentru citire":"3 minute"},"schema":{"@context":"https:\/\/schema.org","@graph":[{"@type":"WebPage","@id":"https:\/\/pro-tenis-club.ro\/","url":"https:\/\/pro-tenis-club.ro\/","name":"Pro Tenis Club - Pro Tenis Club - Antrenor tenis Bucuresti","isPartOf":{"@id":"https:\/\/pro-tenis-club.ro\/#website"},"primaryImageOfPage":{"@id":"https:\/\/pro-tenis-club.ro\/#primaryimage"},"image":{"@id":"https:\/\/pro-tenis-club.ro\/#primaryimage"},"thumbnailUrl":"https:\/\/pro-tenis-club.ro\/wp-content\/uploads\/2021\/12\/WhatsApp-Image-2021-05-16-at-16.54.15-1024x768-1.jpeg","datePublished":"2021-12-08T15:21:44+00:00","dateModified":"2023-12-03T10:52:56+00:00","description":"Antrenor tenis Bucuresti . Pro Tenis Club - Antrenor tenis Bucuresti Club Tenis Bucuresti ofera Cursuri de tenis pentru copii si adulti Bucuresti, Antrenor Tenis de camp in Bucuresti, Lectii de Tenis","breadcrumb":{"@id":"https:\/\/pro-tenis-club.ro\/#breadcrumb"},"inLanguage":"ro-RO","potentialAction":[{"@type":"ReadAction","target":["https:\/\/pro-tenis-club.ro\/"]}]},{"@type":"ImageObject","inLanguage":"ro-RO","@id":"https:\/\/pro-tenis-club.ro\/#primaryimage","url":"https:\/\/pro-tenis-club.ro\/wp-content\/uploads\/2021\/12\/WhatsApp-Image-2021-05-16-at-16.54.15-1024x768-1.jpeg","contentUrl":"https:\/\/pro-tenis-club.ro\/wp-content\/uploads\/2021\/12\/WhatsApp-Image-2021-05-16-at-16.54.15-1024x768-1.jpeg","width":1024,"height":768,"caption":"Antrenor tenis Bucuresti."},{"@type":"BreadcrumbList","@id":"https:\/\/pro-tenis-club.ro\/#breadcrumb","itemListElement":[{"@type":"ListItem","position":1,"name":"Prima pagin\u0103","item":"https:\/\/pro-tenis-club.ro\/"},{"@type":"ListItem","position":2,"name":"Pro Tenis Club"}]},{"@type":"WebSite","@id":"https:\/\/pro-tenis-club.ro\/#website","url":"https:\/\/pro-tenis-club.ro\/","name":"Pro Tenis Club - Antrenor tenis Bucuresti","description":"Cursuri tenis. Antrenor tenis bucuresti.","publisher":{"@id":"https:\/\/pro-tenis-club.ro\/#organization"},"alternateName":"Antrenor tenis bucuresti","potentialAction":[{"@type":"SearchAction","target":{"@type":"EntryPoint","urlTemplate":"https:\/\/pro-tenis-club.ro\/?s={search_term_string}"},"query-input":{"@type":"PropertyValueSpecification","valueRequired":true,"valueName":"search_term_string"}}],"inLanguage":"ro-RO"},{"@type":"Organization","@id":"https:\/\/pro-tenis-club.ro\/#organization","name":"Antrenor tenis Bucuresti","alternateName":"Antrenor tenis Bucuresti","url":"https:\/\/pro-tenis-club.ro\/","logo":{"@type":"ImageObject","inLanguage":"ro-RO","@id":"https:\/\/pro-tenis-club.ro\/#\/schema\/logo\/image\/","url":"https:\/\/pro-tenis-club.ro\/wp-content\/uploads\/2021\/12\/WhatsApp-Image-2021-05-16-at-16.54.15-1024x768-1.jpeg","contentUrl":"https:\/\/pro-tenis-club.ro\/wp-content\/uploads\/2021\/12\/WhatsApp-Image-2021-05-16-at-16.54.15-1024x768-1.jpeg","width":1024,"height":768,"caption":"Antrenor tenis Bucuresti"},"image":{"@id":"https:\/\/pro-tenis-club.ro\/#\/schema\/logo\/image\/"},"sameAs":["https:\/\/www.facebook.com\/profile.php?id=100057053275830"]}]}},"_links":{"self":[{"href":"https:\/\/pro-tenis-club.ro\/index.php?rest_route=\/wp\/v2\/pages\/56","targetHints":{"allow":["GET"]}}],"collection":[{"href":"https:\/\/pro-tenis-club.ro\/index.php?rest_route=\/wp\/v2\/pages"}],"about":[{"href":"https:\/\/pro-tenis-club.ro\/index.php?rest_route=\/wp\/v2\/types\/page"}],"author":[{"embeddable":true,"href":"https:\/\/pro-tenis-club.ro\/index.php?rest_route=\/wp\/v2\/users\/1"}],"replies":[{"embeddable":true,"href":"https:\/\/pro-tenis-club.ro\/index.php?rest_route=%2Fwp%2Fv2%2Fcomments&post=56"}],"version-history":[{"count":39,"href":"https:\/\/pro-tenis-club.ro\/index.php?rest_route=\/wp\/v2\/pages\/56\/revisions"}],"predecessor-version":[{"id":195,"href":"https:\/\/pro-tenis-club.ro\/index.php?rest_route=\/wp\/v2\/pages\/56\/revisions\/195"}],"wp:featuredmedia":[{"embeddable":true,"href":"https:\/\/pro-tenis-club.ro\/index.php?rest_route=\/wp\/v2\/media\/29"}],"wp:attachment":[{"href":"https:\/\/pro-tenis-club.ro\/index.php?rest_route=%2Fwp%2Fv2%2Fmedia&parent=56"}],"curies":[{"name":"wp","href":"https:\/\/api.w.org\/{rel}","templated":true}]}}